{"id":72,"date":"2022-12-15T20:46:49","date_gmt":"2022-12-15T19:46:49","guid":{"rendered":"http:\/\/wtz-zarnow.pl\/?page_id=72"},"modified":"2022-12-15T20:47:19","modified_gmt":"2022-12-15T19:47:19","slug":"sala-rehabilitacyjna","status":"publish","type":"page","link":"http:\/\/wtz-zarnow.pl\/?page_id=72","title":{"rendered":"SALA REHABILITACYJNA"},"content":{"rendered":"<p>Zadaniem rehabilitacji jest usprawnianie podopiecznych i przygotowanie ich do pracy w pozosta\u0142ych pracowniach. Zaj\u0119cia w tej pracowni obejmuj\u0105 \u0107wiczenia og\u00f3lnokondycyjne oraz indywidualne \u0107wiczenia. W ramach wykonywanych \u0107wicze\u0144 uczestnicy otrzymaj\u0105 do dyspozycji: drabinki gimnastyczne, materace, rower treningowy, orbitrek, UGUL z osprz\u0119tem, st\u00f3\u0142 do masa\u017cu oraz inny drobny sprz\u0119t rehabilitacyjny np. pi\u0142ki lekarskie.<\/p>\n<p>Zaj\u0119cia w Sali rehabilitacyjnej prowadzone przez rehabilitanta pozwol\u0105 roz\u0142adowa\u0107 emocje, rozlu\u017ani\u0107 i odpr\u0119\u017cy\u0107 si\u0119 od typowych zaj\u0119\u0107 tematycznych. W pracowni wykonywane b\u0119d\u0105 r\u00f3\u017cnorodne \u0107wiczenia fizyczne, gimnastyka, zaj\u0119cia usprawniaj\u0105ce motoryk\u0119 cia\u0142a. Udzia\u0142 w zaj\u0119ciach pozwali uczestnikom dba\u0107 o swoj\u0105 kondycj\u0119 fizyczn\u0105, jak r\u00f3wnie\u017c nauczy prozdrowotnego trybu \u017cycia.<\/p>\n<p>Zakres i poziom \u015bwiadczonych form pomocy dostosowany b\u0119dzie do mo\u017cliwo\u015bci psychofizycznych uczestnik\u00f3w. Ka\u017cdy uczestnik b\u0119dzie posiada\u0142 indywidualny tok usprawniania ruchowego, opracowany przez rehabilitanta, z uwzgl\u0119dnieniem zalece\u0144 i orzecze\u0144 lekarskich. Ma to na celu w\u0142a\u015bciwe stymulowanie rozwoju organizmu, rozw\u00f3j sprawno\u015bci psychofizycznej, kszta\u0142towanie korzystnych nawyk\u00f3w ruchowych, korekcj\u0119 oraz kompensacj\u0119 odchyle\u0144 i brak\u00f3w rozwojowych. Poziom i tematyka zaj\u0119\u0107 dostosowana b\u0119dzie do stanu zdrowia i mo\u017cliwo\u015bci os\u00f3b w nich bior\u0105cych udzia\u0142.<\/p>\n<p><strong>Najcz\u0119\u015bciej stosowanymi zaj\u0119ciami b\u0119d\u0105:<\/strong><\/p>\n<p>1. \u0106wiczenia bierne,<\/p>\n<p>2. \u0106wiczenia manualne r\u0105k z przyborami,<\/p>\n<p>3. \u0106wiczenia i masa\u017c d\u0142oni i st\u00f3p,<\/p>\n<p>4. Jazda na rowerku, \u0107wiczenia na orbitreku<\/p>\n<p>5. Wykonywanie masa\u017cu klasycznego<\/p>\n<p>6. \u0106wiczenia korekcyjne,<\/p>\n<p>7. \u0106wiczenia og\u00f3lnousprawniaj\u0105ce,<\/p>\n<p>8. Gimnastyka poranna, \u0107wiczenia na drabinkach,<\/p>\n<p>9. Gry i zabawy z pi\u0142k\u0105, gry i zabawy ruchowe,<\/p>\n<p>10. Szeroko pojmowane zaj\u0119cia sportowo- rekreacyjne.<\/p>\n","protected":false},"excerpt":{"rendered":"<p>Zadaniem rehabilitacji jest usprawnianie podopiecznych i przygotowanie ich do pracy w pozosta\u0142ych pracowniach. Zaj\u0119cia w tej pracowni obejmuj\u0105 \u0107wiczenia og\u00f3lnokondycyjne oraz indywidualne \u0107wiczenia. W ramach wykonywanych \u0107wicze\u0144 uczestnicy otrzymaj\u0105 do dyspozycji: drabinki gimnastyczne, materace, rower treningowy, orbitrek, UGUL z osprz\u0119tem, st\u00f3\u0142 do masa\u017cu oraz inny drobny sprz\u0119t rehabilitacyjny np. pi\u0142ki lekarskie. Zaj\u0119cia w Sali rehabilitacyjnej [&hellip;]<\/p>\n","protected":false},"author":1,"featured_media":0,"parent":69,"menu_order":0,"comment_status":"closed","ping_status":"closed","template":"","meta":{"footnotes":""},"class_list":["post-72","page","type-page","status-publish","hentry"],"yoast_head":"<!-- This site is optimized with the Yoast SEO plugin v25.0 - https:\/\/yoast.com\/wordpress\/plugins\/seo\/ -->\n<title>SALA REHABILITACYJNA - Warsztaty Terapii Zaj\u0119ciowej w \u017barnowie<\/title>\n<meta name=\"robots\" content=\"index, follow, max-snippet:-1, max-image-preview:large, max-video-preview:-1\" \/>\n<link rel=\"canonical\" href=\"http:\/\/wtz-zarnow.pl\/?page_id=72\" \/>\n<meta property=\"og:locale\" content=\"pl_PL\" \/>\n<meta property=\"og:type\" content=\"article\" \/>\n<meta property=\"og:title\" content=\"SALA REHABILITACYJNA - Warsztaty Terapii Zaj\u0119ciowej w \u017barnowie\" \/>\n<meta property=\"og:description\" content=\"Zadaniem rehabilitacji jest usprawnianie podopiecznych i przygotowanie ich do pracy w pozosta\u0142ych pracowniach. Zaj\u0119cia w tej pracowni obejmuj\u0105 \u0107wiczenia og\u00f3lnokondycyjne oraz indywidualne \u0107wiczenia. W ramach wykonywanych \u0107wicze\u0144 uczestnicy otrzymaj\u0105 do dyspozycji: drabinki gimnastyczne, materace, rower treningowy, orbitrek, UGUL z osprz\u0119tem, st\u00f3\u0142 do masa\u017cu oraz inny drobny sprz\u0119t rehabilitacyjny np. pi\u0142ki lekarskie. Zaj\u0119cia w Sali rehabilitacyjnej [&hellip;]\" \/>\n<meta property=\"og:url\" content=\"http:\/\/wtz-zarnow.pl\/?page_id=72\" \/>\n<meta property=\"og:site_name\" content=\"Warsztaty Terapii Zaj\u0119ciowej w \u017barnowie\" \/>\n<meta property=\"article:modified_time\" content=\"2022-12-15T19:47:19+00:00\" \/>\n<meta name=\"twitter:card\" content=\"summary_large_image\" \/>\n<meta name=\"twitter:label1\" content=\"Szacowany czas czytania\" \/>\n\t<meta name=\"twitter:data1\" content=\"2 minuty\" \/>\n<script type=\"application\/ld+json\" class=\"yoast-schema-graph\">{\"@context\":\"https:\/\/schema.org\",\"@graph\":[{\"@type\":\"WebPage\",\"@id\":\"http:\/\/wtz-zarnow.pl\/?page_id=72\",\"url\":\"http:\/\/wtz-zarnow.pl\/?page_id=72\",\"name\":\"SALA REHABILITACYJNA - Warsztaty Terapii Zaj\u0119ciowej w \u017barnowie\",\"isPartOf\":{\"@id\":\"http:\/\/wtz-zarnow.pl\/#website\"},\"datePublished\":\"2022-12-15T19:46:49+00:00\",\"dateModified\":\"2022-12-15T19:47:19+00:00\",\"breadcrumb\":{\"@id\":\"http:\/\/wtz-zarnow.pl\/?page_id=72#breadcrumb\"},\"inLanguage\":\"pl-PL\",\"potentialAction\":[{\"@type\":\"ReadAction\",\"target\":[\"http:\/\/wtz-zarnow.pl\/?page_id=72\"]}]},{\"@type\":\"BreadcrumbList\",\"@id\":\"http:\/\/wtz-zarnow.pl\/?page_id=72#breadcrumb\",\"itemListElement\":[{\"@type\":\"ListItem\",\"position\":1,\"name\":\"Home\",\"item\":\"http:\/\/wtz-zarnow.pl\/\"},{\"@type\":\"ListItem\",\"position\":2,\"name\":\"NASZE PRACOWNIE\",\"item\":\"http:\/\/wtz-zarnow.pl\/?page_id=69\"},{\"@type\":\"ListItem\",\"position\":3,\"name\":\"SALA REHABILITACYJNA\"}]},{\"@type\":\"WebSite\",\"@id\":\"http:\/\/wtz-zarnow.pl\/#website\",\"url\":\"http:\/\/wtz-zarnow.pl\/\",\"name\":\"Warsztaty Terapii Zaj\u0119ciowej w \u017barnowie\",\"description\":\"\",\"publisher\":{\"@id\":\"http:\/\/wtz-zarnow.pl\/#organization\"},\"potentialAction\":[{\"@type\":\"SearchAction\",\"target\":{\"@type\":\"EntryPoint\",\"urlTemplate\":\"http:\/\/wtz-zarnow.pl\/?s={search_term_string}\"},\"query-input\":{\"@type\":\"PropertyValueSpecification\",\"valueRequired\":true,\"valueName\":\"search_term_string\"}}],\"inLanguage\":\"pl-PL\"},{\"@type\":\"Organization\",\"@id\":\"http:\/\/wtz-zarnow.pl\/#organization\",\"name\":\"Warsztaty Terapii Zaj\u0119ciowej w \u017barnowie\",\"url\":\"http:\/\/wtz-zarnow.pl\/\",\"logo\":{\"@type\":\"ImageObject\",\"inLanguage\":\"pl-PL\",\"@id\":\"http:\/\/wtz-zarnow.pl\/#\/schema\/logo\/image\/\",\"url\":\"\",\"contentUrl\":\"\",\"caption\":\"Warsztaty Terapii Zaj\u0119ciowej w \u017barnowie\"},\"image\":{\"@id\":\"http:\/\/wtz-zarnow.pl\/#\/schema\/logo\/image\/\"}}]}<\/script>\n<!-- \/ Yoast SEO plugin. -->","yoast_head_json":{"title":"SALA REHABILITACYJNA - Warsztaty Terapii Zaj\u0119ciowej w \u017barnowie","robots":{"index":"index","follow":"follow","max-snippet":"max-snippet:-1","max-image-preview":"max-image-preview:large","max-video-preview":"max-video-preview:-1"},"canonical":"http:\/\/wtz-zarnow.pl\/?page_id=72","og_locale":"pl_PL","og_type":"article","og_title":"SALA REHABILITACYJNA - Warsztaty Terapii Zaj\u0119ciowej w \u017barnowie","og_description":"Zadaniem rehabilitacji jest usprawnianie podopiecznych i przygotowanie ich do pracy w pozosta\u0142ych pracowniach. Zaj\u0119cia w tej pracowni obejmuj\u0105 \u0107wiczenia og\u00f3lnokondycyjne oraz indywidualne \u0107wiczenia. W ramach wykonywanych \u0107wicze\u0144 uczestnicy otrzymaj\u0105 do dyspozycji: drabinki gimnastyczne, materace, rower treningowy, orbitrek, UGUL z osprz\u0119tem, st\u00f3\u0142 do masa\u017cu oraz inny drobny sprz\u0119t rehabilitacyjny np. pi\u0142ki lekarskie. Zaj\u0119cia w Sali rehabilitacyjnej [&hellip;]","og_url":"http:\/\/wtz-zarnow.pl\/?page_id=72","og_site_name":"Warsztaty Terapii Zaj\u0119ciowej w \u017barnowie","article_modified_time":"2022-12-15T19:47:19+00:00","twitter_card":"summary_large_image","twitter_misc":{"Szacowany czas czytania":"2 minuty"},"schema":{"@context":"https:\/\/schema.org","@graph":[{"@type":"WebPage","@id":"http:\/\/wtz-zarnow.pl\/?page_id=72","url":"http:\/\/wtz-zarnow.pl\/?page_id=72","name":"SALA REHABILITACYJNA - Warsztaty Terapii Zaj\u0119ciowej w \u017barnowie","isPartOf":{"@id":"http:\/\/wtz-zarnow.pl\/#website"},"datePublished":"2022-12-15T19:46:49+00:00","dateModified":"2022-12-15T19:47:19+00:00","breadcrumb":{"@id":"http:\/\/wtz-zarnow.pl\/?page_id=72#breadcrumb"},"inLanguage":"pl-PL","potentialAction":[{"@type":"ReadAction","target":["http:\/\/wtz-zarnow.pl\/?page_id=72"]}]},{"@type":"BreadcrumbList","@id":"http:\/\/wtz-zarnow.pl\/?page_id=72#breadcrumb","itemListElement":[{"@type":"ListItem","position":1,"name":"Home","item":"http:\/\/wtz-zarnow.pl\/"},{"@type":"ListItem","position":2,"name":"NASZE PRACOWNIE","item":"http:\/\/wtz-zarnow.pl\/?page_id=69"},{"@type":"ListItem","position":3,"name":"SALA REHABILITACYJNA"}]},{"@type":"WebSite","@id":"http:\/\/wtz-zarnow.pl\/#website","url":"http:\/\/wtz-zarnow.pl\/","name":"Warsztaty Terapii Zaj\u0119ciowej w \u017barnowie","description":"","publisher":{"@id":"http:\/\/wtz-zarnow.pl\/#organization"},"potentialAction":[{"@type":"SearchAction","target":{"@type":"EntryPoint","urlTemplate":"http:\/\/wtz-zarnow.pl\/?s={search_term_string}"},"query-input":{"@type":"PropertyValueSpecification","valueRequired":true,"valueName":"search_term_string"}}],"inLanguage":"pl-PL"},{"@type":"Organization","@id":"http:\/\/wtz-zarnow.pl\/#organization","name":"Warsztaty Terapii Zaj\u0119ciowej w \u017barnowie","url":"http:\/\/wtz-zarnow.pl\/","logo":{"@type":"ImageObject","inLanguage":"pl-PL","@id":"http:\/\/wtz-zarnow.pl\/#\/schema\/logo\/image\/","url":"","contentUrl":"","caption":"Warsztaty Terapii Zaj\u0119ciowej w \u017barnowie"},"image":{"@id":"http:\/\/wtz-zarnow.pl\/#\/schema\/logo\/image\/"}}]}},"_links":{"self":[{"href":"http:\/\/wtz-zarnow.pl\/index.php?rest_route=\/wp\/v2\/pages\/72","targetHints":{"allow":["GET"]}}],"collection":[{"href":"http:\/\/wtz-zarnow.pl\/index.php?rest_route=\/wp\/v2\/pages"}],"about":[{"href":"http:\/\/wtz-zarnow.pl\/index.php?rest_route=\/wp\/v2\/types\/page"}],"author":[{"embeddable":true,"href":"http:\/\/wtz-zarnow.pl\/index.php?rest_route=\/wp\/v2\/users\/1"}],"replies":[{"embeddable":true,"href":"http:\/\/wtz-zarnow.pl\/index.php?rest_route=%2Fwp%2Fv2%2Fcomments&post=72"}],"version-history":[{"count":1,"href":"http:\/\/wtz-zarnow.pl\/index.php?rest_route=\/wp\/v2\/pages\/72\/revisions"}],"predecessor-version":[{"id":73,"href":"http:\/\/wtz-zarnow.pl\/index.php?rest_route=\/wp\/v2\/pages\/72\/revisions\/73"}],"up":[{"embeddable":true,"href":"http:\/\/wtz-zarnow.pl\/index.php?rest_route=\/wp\/v2\/pages\/69"}],"wp:attachment":[{"href":"http:\/\/wtz-zarnow.pl\/index.php?rest_route=%2Fwp%2Fv2%2Fmedia&parent=72"}],"curies":[{"name":"wp","href":"https:\/\/api.w.org\/{rel}","templated":true}]}}